{"id":1023,"date":"2013-04-03T16:26:07","date_gmt":"2013-04-03T16:26:07","guid":{"rendered":"http:\/\/www.kriesi.at\/themes\/enfold\/?page_id=1023"},"modified":"2020-10-08T11:35:52","modified_gmt":"2020-10-08T09:35:52","slug":"home-v6-classic-4-column","status":"publish","type":"page","link":"https:\/\/growi-hs.de\/","title":{"rendered":"Home v6: Classic 4 Column"},"content":{"rendered":"<div id='layer_slider_1'  class='avia-layerslider main_color avia-shadow  avia-builder-el-0  el_before_av_one_fourth  avia-builder-el-first  container_wrap sidebar_right' style='  height: 471px;' ><\/div><div id='after_layer_slider_1'  class='main_color av_default_container_wrap container_wrap sidebar_right' style=' '  ><div class='container' ><div class='template-page content  av-content-small alpha units'><div class='post-entry post-entry-type-page post-entry-1023'><div class='entry-content-wrapper clearfix'>\n<div class=\"flex_column av_one_fourth  flex_column_div first  avia-builder-el-1  el_after_av_layerslider  el_before_av_one_fourth  avia-builder-el-first  \" ><article  class=\"iconbox iconbox_left    avia-builder-el-2  avia-builder-el-no-sibling  \"  itemscope=\"itemscope\" itemtype=\"https:\/\/schema.org\/CreativeWork\" ><div class=\"iconbox_content\"><header class=\"entry-content-header\"><a href='#' title='Sanit\u00e4r - B\u00e4der'  class=\"iconbox_icon heading-color \" aria-hidden='true' data-av_icon='\ue8cd' data-av_iconfont='entypo-fontello'  ><\/a><h3 class='iconbox_content_title  '  itemprop=\"headline\"  ><a href='#' title='Sanit\u00e4r - B\u00e4der' >Sanit\u00e4r - B\u00e4der<\/a><\/h3><\/header><div class='iconbox_content_container  '  itemprop=\"text\"  ><p><span class=\"s1\">Erleben sie die Vielfalt der Badausstattungsm\u00f6glichkeiten.\u00a0<\/span><span class=\"s1\">Gestalten sie zusammen mit uns und unseren kompetenten Fachausstellungs-Mitarbeitern in Ihrer N\u00e4he Ihr neues Traumbad.<strong> <a href=\"https:\/\/growi-hs.de\/index.php\/sanitaer-baeder\/\">Mehr erfahren<\/a><\/strong><\/span><\/p>\n<\/div><\/div><footer class=\"entry-footer\"><\/footer><\/article><\/div>\n<div class=\"flex_column av_one_fourth  flex_column_div av-zero-column-padding   avia-builder-el-3  el_after_av_one_fourth  el_before_av_one_fourth  \" style='border-radius:0px; '><article  class=\"iconbox iconbox_left    avia-builder-el-4  avia-builder-el-no-sibling  \"  itemscope=\"itemscope\" itemtype=\"https:\/\/schema.org\/CreativeWork\" ><div class=\"iconbox_content\"><header class=\"entry-content-header\"><a href='#' title='Moderne Heiztechnik &amp; Solar'  class=\"iconbox_icon heading-color \" aria-hidden='true' data-av_icon='\ue866' data-av_iconfont='entypo-fontello'  ><\/a><h3 class='iconbox_content_title  '  itemprop=\"headline\"  ><a href='#' title='Moderne Heiztechnik &amp; Solar' >Moderne Heiztechnik & Solar<\/a><\/h3><\/header><div class='iconbox_content_container  '  itemprop=\"text\"  ><p>Mit verschiedenste Verfahren bieten wir modernste Heiztechnik\u00a0wie\u00a0Solar, Holz, Gas, W\u00e4rmepumpen, \u00d6l und viele andere. <strong><a href=\"https:\/\/growi-hs.de\/index.php\/heiztechnik-solar\/\">Mehr erfahren<\/a><\/strong><\/p>\n<\/div><\/div><footer class=\"entry-footer\"><\/footer><\/article><\/div>\n<div class=\"flex_column av_one_fourth  flex_column_div av-zero-column-padding   avia-builder-el-5  el_after_av_one_fourth  el_before_av_one_fourth  \" style='border-radius:0px; '><article  class=\"iconbox iconbox_left    avia-builder-el-6  avia-builder-el-no-sibling  \"  itemscope=\"itemscope\" itemtype=\"https:\/\/schema.org\/CreativeWork\" ><div class=\"iconbox_content\"><header class=\"entry-content-header\"><a href='#' title='Sanierung'  class=\"iconbox_icon heading-color \" aria-hidden='true' data-av_icon='\ue856' data-av_iconfont='entypo-fontello'  ><\/a><h3 class='iconbox_content_title  '  itemprop=\"headline\"  ><a href='#' title='Sanierung' >Sanierung<\/a><\/h3><\/header><div class='iconbox_content_container  '  itemprop=\"text\"  ><p>Wir \u00fcbernehmen die komplette Sanierung ihres Altbaus, egal ob Ein-oder Mehrfamilienhaus. Wir tauschen Heizkessel aus und sanieren Ihre sanit\u00e4ren Anlagen.<strong>\u00a0<a href=\"https:\/\/growi-hs.de\/index.php\/sanierung\/\">Mehr erfahren<\/a><\/strong><\/p>\n<\/div><\/div><footer class=\"entry-footer\"><\/footer><\/article><\/div>\n<div class=\"flex_column av_one_fourth  flex_column_div av-zero-column-padding   avia-builder-el-7  el_after_av_one_fourth  el_before_av_promobox  \" style='border-radius:0px; '><article  class=\"iconbox iconbox_left    avia-builder-el-8  avia-builder-el-no-sibling  \"  itemscope=\"itemscope\" itemtype=\"https:\/\/schema.org\/CreativeWork\" ><div class=\"iconbox_content\"><header class=\"entry-content-header\"><a href='#' title='Kundendienst \/ Notdienst - Hotline'  class=\"iconbox_icon heading-color \" aria-hidden='true' data-av_icon='\ue80b' data-av_iconfont='entypo-fontello'  ><\/a><h3 class='iconbox_content_title  '  itemprop=\"headline\"  ><a href='#' title='Kundendienst \/ Notdienst - Hotline' >Kundendienst \/ Notdienst - Hotline<\/a><\/h3><\/header><div class='iconbox_content_container  '  itemprop=\"text\"  ><p>Wenn Sie ein Problem haben, bei dem wir Ihnen helfen k\u00f6nnen, klingeln Sie durch. Wir versprechen Ihnen: es wird sich baldm\u00f6glichst jemand melden. <a href=\"https:\/\/growi-hs.de\/index.php\/pages\/contact\/\"><strong>Mehr erfahren<\/strong><\/a><\/p>\n<\/div><\/div><footer class=\"entry-footer\"><\/footer><\/article><\/div>\n\t<div   class='av_promobox  avia-button-yes   avia-builder-el-9  el_after_av_one_fourth  el_before_av_hr '>\t\t<div class='avia-promocontent'><p>\nGrowi ist seit \u00fcber 20 Jahren ihr Partner f\u00fcr alle Fragen rund um Bad, Sanit\u00e4r, Heizung und Solar. Erfahren Sie mehr \u00fcber uns!<\/p>\n<\/div><div  class='avia-button-wrap avia-button-right ' ><a href='https:\/\/growi-hs.de\/index.php\/pages\/contact\/'  class='avia-button   avia-icon_select-no avia-color-custom avia-size-large avia-position-right '  style='background-color:#009ee0; border-color:#009ee0; color:#ffffff; ' ><span class='avia_iconbox_title' >Hier mehr erfahren<\/span><\/a><\/div>\t<\/div>\n<div  style='height:50px' class='hr hr-invisible   avia-builder-el-10  el_after_av_promobox  avia-builder-el-last '><span class='hr-inner ' ><span class='hr-inner-style'><\/span><\/span><\/div>\n","protected":false},"excerpt":{"rendered":"<p>This is a Page excerpt. It will be displayed for search results<\/p>\n","protected":false},"author":1,"featured_media":0,"parent":0,"menu_order":0,"comment_status":"open","ping_status":"open","template":"","meta":[],"_links":{"self":[{"href":"https:\/\/growi-hs.de\/index.php\/wp-json\/wp\/v2\/pages\/1023"}],"collection":[{"href":"https:\/\/growi-hs.de\/index.php\/wp-json\/wp\/v2\/pages"}],"about":[{"href":"https:\/\/growi-hs.de\/index.php\/wp-json\/wp\/v2\/types\/page"}],"author":[{"embeddable":true,"href":"https:\/\/growi-hs.de\/index.php\/wp-json\/wp\/v2\/users\/1"}],"replies":[{"embeddable":true,"href":"https:\/\/growi-hs.de\/index.php\/wp-json\/wp\/v2\/comments?post=1023"}],"version-history":[{"count":20,"href":"https:\/\/growi-hs.de\/index.php\/wp-json\/wp\/v2\/pages\/1023\/revisions"}],"predecessor-version":[{"id":3847,"href":"https:\/\/growi-hs.de\/index.php\/wp-json\/wp\/v2\/pages\/1023\/revisions\/3847"}],"wp:attachment":[{"href":"https:\/\/growi-hs.de\/index.php\/wp-json\/wp\/v2\/media?parent=1023"}],"curies":[{"name":"wp","href":"https:\/\/api.w.org\/{rel}","templated":true}]}}