{"id":3526,"date":"2017-11-27T12:16:34","date_gmt":"2017-11-27T11:16:34","guid":{"rendered":"http:\/\/growi-hs.de\/?page_id=3526"},"modified":"2019-01-10T10:40:25","modified_gmt":"2019-01-10T09:40:25","slug":"komplettsanierung","status":"publish","type":"page","link":"https:\/\/growi-hs.de\/index.php\/sanierung\/komplettsanierung\/","title":{"rendered":"Komplettsanierung"},"content":{"rendered":"<div  style='padding-bottom:25px; ' class='av-special-heading av-special-heading-h2    avia-builder-el-0  el_before_av_hr  avia-builder-el-first  '><h2 class='av-special-heading-tag '  itemprop=\"headline\"  >Komplettsanierung &#8211; Altbau, Ein- und Mehrfamilienh\u00e4user<\/h2><div class='special-heading-border'><div class='special-heading-inner-border' ><\/div><\/div><\/div>\n<div  style='height:25px' class='hr hr-invisible   avia-builder-el-1  el_after_av_heading  el_before_av_textblock '><span class='hr-inner ' ><span class='hr-inner-style'><\/span><\/span><\/div>\n<section class=\"av_textblock_section \"  itemscope=\"itemscope\" itemtype=\"https:\/\/schema.org\/CreativeWork\" ><div class='avia_textblock  '   itemprop=\"text\" ><p>[layerslider id=&#8220;7&#8243;]<\/p>\n<p>W\u00e4rmeerzeuger, die vor 1990 eingebaut wurden, sind nach heutigem Stand der Technik bereits veraltet und arbeiten vergleichsweise ineffizient. Deshalb kann der Austausch der Heizanlage, auch wenn sie noch funktionst\u00fcchtig ist, langfristig eine erhebliche Energieersparnis einbringen. Bevor jedoch ein neuer W\u00e4rmeerzeuger eingebaut wird, sollten zuerst alle M\u00f6glichkeiten ausgesch\u00f6pft werden, um die W\u00e4rmeverluste im Geb\u00e4ude zu reduzieren. Dar\u00fcber hinaus l\u00e4sst sich durch den Einbau von L\u00fcftungsanlagen mit W\u00e4rmer\u00fcckgewinnung Heizenergie einsparen, da die zugef\u00fchrte Raumluft bereits vortemperiert wurde.<\/p>\n<p><em>Heizungsverteilung:<\/em><\/p>\n<p>Die nachtr\u00e4gliche D\u00e4mmung von Leitungen in unbeheizten R\u00e4umen spielt im Zuge von Energiesparma\u00dfnahmen eine wichtige Rolle. Auch der Einbau von gezielt programmierbaren Thermostaten an den einzelnen Heizk\u00f6rpern kann helfen, den Heizenergieverbrauch zu reduzieren. Auch kann die Durchf\u00fchrung eines hydraulischen Abgleichs des Heizungsverteilsystems sehr sinnvoll sein. Dabei werden die Pumpen der Heizungsanlage so optimiert, dass eine gleichm\u00e4\u00dfige W\u00e4rmeverteilung im gesamten Heizsystem erreicht wird. Hierdurch kann eine Energieersparnis von 10 bis 15 Prozent erzielt werden.<\/p>\n<p><em>Warmwasserbereitung:<\/em><\/p>\n<p>Gr\u00f6\u00dfte Energieeinsparm\u00f6glichkeit bei der Warmwasserbereitung ist der Einsatz thermischer Solarkollektoren, die hierzulande bis zu 65% des Warmwasserbedarfs eines Haushaltes decken k\u00f6nnen. Als Kombi-Anlage zur Warmwasserbereitung und Heizungsunterst\u00fctzung, erg\u00e4nzt mit einem Schichtenspeicher, sind Solarkollektoren dar\u00fcber hinaus in der Lage, 25% des Heizenergiebedarfs mit regenerativer Energie zu decken.<\/p>\n<p><em>L\u00fcftung:<\/em><\/p>\n<p>Wird bei einer energetischen Sanierung eines Geb\u00e4udes eine hohe Luftdichtigkeit erreicht, l\u00e4sst sich nur durch den Einbau einer L\u00fcftungsanlage sicherstellen, dass der hygienisch notwendige Luftaustausch bei minimalem Energieverbrauch stattfindet. Eine L\u00fcftungsanlage reduziert den Heizenergiebedarf, da durch einen sehr geringen, aber ausreichenden Luftwechsel im Winter wesentlich weniger L\u00fcftungsw\u00e4rmeverluste entstehen als bei einer freien L\u00fcftung.<\/p>\n<\/div><\/section>\n<div  style=' margin-top:40px; margin-bottom:30px;'  class='hr hr-custom hr-center hr-icon-yes   avia-builder-el-3  el_after_av_textblock  el_before_av_notification '><span class='hr-inner   inner-border-av-border-thin' style=' width:50px; border-color:#d6d6d6;' ><span class='hr-inner-style'><\/span><\/span><span class='av-seperator-icon' style='color:#ededed;' aria-hidden='true' data-av_icon='\ue808' data-av_iconfont='entypo-fontello'><\/span><span class='hr-inner   inner-border-av-border-thin' style=' width:50px; border-color:#d6d6d6;' ><span class='hr-inner-style'><\/span><\/span><\/div>\n<div id='avia-messagebox-'style='background-color:#efefef; color:#0a0a0a; ' class='avia_message_box  avia-color-custom avia-size-large avia-icon_select-yes avia-border-dashed  avia-builder-el-4  el_after_av_hr  el_before_av_hr '><span class='avia_message_box_title' >Unser Service<\/span><div class='avia_message_box_content' ><span class='avia_message_box_icon' aria-hidden='true' data-av_icon='\ue81e' data-av_iconfont='entypo-fontello'><\/span><p>Lassen Sie Ihre Heizung jetzt auf erneuerbare Energien umstellen und erhalten Sie attraktiven Investitionszusch\u00fcssen. Auf diese Weise kann jeder Einzelne einen Beitrag zur Energiewende leisten und dank der BAFA-F\u00f6rderung bares Geld sparen.<\/p>\n<p><a href=\"https:\/\/growi-hs.de\/index.php\/foerderung-durch-den-staat\/\">Hier finden Sie weitere Infos<\/a><\/p>\n<\/div><\/div>\n<div   class='hr hr-default   avia-builder-el-5  el_after_av_notification  avia-builder-el-last '><span class='hr-inner ' ><span class='hr-inner-style'><\/span><\/span><\/div>\n","protected":false},"excerpt":{"rendered":"","protected":false},"author":2,"featured_media":0,"parent":3304,"menu_order":0,"comment_status":"open","ping_status":"open","template":"","meta":[],"_links":{"self":[{"href":"https:\/\/growi-hs.de\/index.php\/wp-json\/wp\/v2\/pages\/3526"}],"collection":[{"href":"https:\/\/growi-hs.de\/index.php\/wp-json\/wp\/v2\/pages"}],"about":[{"href":"https:\/\/growi-hs.de\/index.php\/wp-json\/wp\/v2\/types\/page"}],"author":[{"embeddable":true,"href":"https:\/\/growi-hs.de\/index.php\/wp-json\/wp\/v2\/users\/2"}],"replies":[{"embeddable":true,"href":"https:\/\/growi-hs.de\/index.php\/wp-json\/wp\/v2\/comments?post=3526"}],"version-history":[{"count":6,"href":"https:\/\/growi-hs.de\/index.php\/wp-json\/wp\/v2\/pages\/3526\/revisions"}],"predecessor-version":[{"id":3528,"href":"https:\/\/growi-hs.de\/index.php\/wp-json\/wp\/v2\/pages\/3526\/revisions\/3528"}],"up":[{"embeddable":true,"href":"https:\/\/growi-hs.de\/index.php\/wp-json\/wp\/v2\/pages\/3304"}],"wp:attachment":[{"href":"https:\/\/growi-hs.de\/index.php\/wp-json\/wp\/v2\/media?parent=3526"}],"curies":[{"name":"wp","href":"https:\/\/api.w.org\/{rel}","templated":true}]}}